{"id":6660,"date":"2023-08-26T17:42:25","date_gmt":"2023-08-26T17:42:25","guid":{"rendered":"https:\/\/conapi.org.py\/v23\/?page_id=6660"},"modified":"2023-08-26T17:43:11","modified_gmt":"2023-08-26T17:43:11","slug":"que-hacemos","status":"publish","type":"page","link":"https:\/\/conapi.org.py\/v23\/que-hacemos\/","title":{"rendered":"\u00bfQu\u00e9 hacemos?"},"content":{"rendered":"\n<h2 class=\"wp-block-heading\"><strong>\u00bfCu\u00e1les son nuestros principales compromisos?<\/strong><\/h2>\n\n\n\n<p>La dif\u00edcil situaci\u00f3n de la coyuntura nacional alcanza tambi\u00e9n a los Pueblos Ind\u00edgenas, la cual afecta, debilita y hasta se constituye en una verdadera amenaza a los saberes, valores, derechos y vida de los mismos, es este marco, que la CONAPI hace presencia, dialoga y camina con los Pueblos Ind\u00edgenas, priorizando algunas \u00e1reas, tales como:<\/p>\n\n\n\n<p>a- Tierra\/Territorio: no cabe dudas que la protecci\u00f3n, defensa y recuperaci\u00f3n de los territorios es condici\u00f3n fundamental para garantizar la vida presente y futura de los Pueblos Ind\u00edgenas; el acceso a la tierra\/territorio como la seguridad en la posesi\u00f3n de la misma. La tierra para los pueblos ind\u00edgenas es el lugar donde se construye su historia, su cultura, su cohesi\u00f3n y su sobrevivencia. Antes de la creaci\u00f3n de la Ley 904\/81, la CONAPI (en aquella \u00e9poca Equipo Nacional de Misiones) ya hab\u00eda priorizado la tarea de asegurar tierras para los ind\u00edgenas, tales as\u00ed que se lleg\u00f3 a comprar tierras con fondos de agencias cat\u00f3licos para varias las comunidades ind\u00edgenas del pa\u00eds. Una vez promulgada la ley, se disminuyo la compra de tierras con aportes internacionales y se dio inicio a la comenzaron a utilizaci\u00f3n de los instrumentos jur\u00eddicos y administrativos existentes, en espera de que el Instituto Paraguayo del Ind\u00edgena, cumpla con el objetivo prioritario de \u201cadquisici\u00f3n de tierras para asentamientos ind\u00edgenas\u201d (Art. 59, inc. 1). Con los procedimientos y requisitos existentes se consigui\u00f3 la expropiaci\u00f3n de 30 mil has. para los Maskoy de Puerto Casado y otros casos en la Regi\u00f3n Oriental y Occidental. De las compras y aseguramientos de tierras suman m\u00e1s de 170 mil has.<\/p>\n\n\n\n<p>b- Pol\u00edticas P\u00fablicas y marco legal: Hist\u00f3ricamente, los gobiernos de turno fueron desarrollando pol\u00edticas que no reconocen los derechos ind\u00edgenas se\u00f1alados en la Constituci\u00f3n Nacional y la Ley 904\/81. En este contexto, la CONAPI busca fortalecer su apoyo a los Pueblos Ind\u00edgenas, junto a otras organizaciones gubernamentales y no gubernamentales, para elaborar propuestas de pol\u00edticas p\u00fablicas y su marco legal desde la perspectiva de la consulta ind\u00edgena y autogesti\u00f3n de los mismos.<\/p>\n\n\n\n<p>Educaci\u00f3n: la instituci\u00f3n tiene una larga experiencia en el trabajo en \u00e1rea de educaci\u00f3n ind\u00edgena. Desde hace tiempo, la CONAPI, ha acompa\u00f1ado a los pueblos ind\u00edgenas en elaboraci\u00f3n de anteproyecto de la ley de Educaci\u00f3n Ind\u00edgena. En julio de 2003 se realiz\u00f3 un taller de consulta ind\u00edgena con participaci\u00f3n de maestros ind\u00edgenas, l\u00edderes pol\u00edticos y religiosos, representantes del Ministerio de Educaci\u00f3n, sobre un borrador de anteproyecto de ley. En esa oportunidad se eligi\u00f3 un grupo de ind\u00edgenas para acompa\u00f1ar ese anteproyecto de ley y trabajar en una nueva redacci\u00f3n del mismo.<\/p>\n\n\n\n<p>En fecha 11 de marzo de 2006, el Diputado Nacional Gonz\u00e1lez Drakeford present\u00f3 al parlamento una copia de primer borrador que se present\u00f3 en julio de 2003. El grupo ind\u00edgenas de seguimiento de la ley solicit\u00f3 al Parlamento, sin efecto alguno, que el anteproyecto no sea tratado hasta tanto se presente una nueva redacci\u00f3n. A pesar de las presentaciones de la nueva redacci\u00f3n, por grupo de maestros ind\u00edgenas, por circunstancias coyunturales, el 14 de diciembre de 2006 fue aprobado el proyecto de ley presentado por el Diputado Drakeford. Finalmente, el 31 de Mayo de 2007 el Proyecto de Ley fue aprobado por la C\u00e1mara de Senadores.<\/p>\n\n\n\n<p>Salud: La CONAPI tiene una larga trayectoria laborar en el \u00e1rea de salud ind\u00edgena. En este sentido ya se cuenta muchos insumos de numerosos encuentros con los chamanes, promotores y otros agentes de salud ind\u00edgena. Contamos un anteproyecto de salud ind\u00edgena trabajado por un equipo interinstitucional compuesto por organizaciones ind\u00edgenas representantes del Ministerio de Salud, entidades no gubernamentales y personas calificadas para este trabajo, que se est\u00e1 capacitando para presentar el proyecto de ley al Parlamento Nacional. \u00daltimamente el equipo interinstitucional dedica mayor\u00eda de su tiempo para la elaboraci\u00f3n de un documento normativo sobre Pol\u00edtica Nacional de Salud Para los Pueblos Ind\u00edgenas. El documento est\u00e1 en su etapa final de elaboraci\u00f3n y espera su pronto reconocimiento legal por el Ministro de Salud.<\/p>\n\n\n\n<p>c) Otros servicios que presta la CONAPI:<\/p>\n\n\n\n<p>Comunicaci\u00f3n: En el campo de la comunicaci\u00f3n, se busca formar y potenciar las capacidades propias, posibilitar el acceso y uso de los medios de comunicaci\u00f3n para la defensa de sus derechos. Con la emisi\u00f3n del programa radial \u201cTekog\u00fcero Ayvu\u201d todos los s\u00e1bados, de 13:30 a 14:30 hs., por radio Caritas 680 AM. \u00c9ste constituye un espacio muy importante de participaci\u00f3n ind\u00edgena a trav\u00e9s de sus intervenciones y opiniones pol\u00edticas de la realidad de cada pueblo. Otras de las tareas son: Producir materiales de comunicaci\u00f3n escrita y audiovisual, organizar reuniones de articulaci\u00f3n con organizaciones ind\u00edgenas para la recopilaci\u00f3n de materiales audiovisuales y colaborar para su edici\u00f3n, orientar los programas radiales en radios locales, capacitar sistem\u00e1ticamente los comunicadores ind\u00edgenas, elaborar y publicar revistas DIM, publicar documentos sobre la situaci\u00f3n de ind\u00edgenas y continuar con la actualizaci\u00f3n de la p\u00e1gina Web de la CONAPI.<\/p>\n\n\n\n<p>Atenci\u00f3n en la oficina: diariamente se recibe, escucha y atiende a los ind\u00edgenas para asesorarlos y\/o derivarlos a donde corresponde en sus gestiones de tierra, salud, educaci\u00f3n, entre otros.<\/p>\n\n\n\n<p>Asesor\u00eda Teol\u00f3gica:Todav\u00eda hoy, la vida y convivencia de los PPII est\u00e1n centradas en la dimensi\u00f3n religiosa. Esto determina nuestra forma de estar con ellos que exige un enfoque teol\u00f3gico transversalmente presente en todas nuestras \u00e1reas de acompa\u00f1amiento y presencia como Iglesia: Coordinaci\u00f3n, Pol\u00edticas p\u00fablicas, tierra\/territorio, comunicaci\u00f3n, administraci\u00f3n y secretar\u00eda. Se renueva este aspecto tan particular de las culturas ind\u00edgenas mediante reflexiones teol\u00f3gicas con los misioneros en las reuniones bimestrales y con los que est\u00e1n en la oficina cada mes.<\/p>\n\n\n\n<p>A las mismas comunidades ind\u00edgenas se acompa\u00f1a con talleres en forma de di\u00e1logo interreligioso-intercultural, especialmente con aquellos que todav\u00eda conservan, defienden y viven su religi\u00f3n. El objetivo es cooperar en revitalizaci\u00f3n de la misma. Sin embargo, los que ya son cat\u00f3licos \u2013en su mayor\u00eda pueblos chaque\u00f1os &#8211; se practica la interculturalidad, es decir se fomentando la lectura b\u00edblica desde sus c\u00f3digos religioso-culturales que enriquecen a la propia Iglesia.<\/p>\n\n\n\n<p>En los conversatorios -3 o 4 al a\u00f1o- se quiere ofrecer una oportunidad a la poblaci\u00f3n asuncena a conocer m\u00e1s la historia y situaci\u00f3n actual de los ind\u00edgenas, a los efectos de impulsar un verdadero di\u00e1logo intercultural y una mayor comprensi\u00f3n e inclusi\u00f3n de lo diverso culturalmente, en un pa\u00eds que dice ser pluricultural. Tambi\u00e9n se acompa\u00f1a desde a\u00f1os mediante visitas, charlas y reuniones a los equipos indigenistas de varias Di\u00f3cesis, en este momento, Concepci\u00f3n ya est\u00e1 en la etapa de elaboraci\u00f3n del Plan de Pastoral Ind\u00edgena de la Di\u00f3cesis. Tambi\u00e9n se profundiza en la Teolog\u00eda India a nivel continental con Encuentros latinoamericanos cada 5 o 6 a\u00f1os. Finalmente, como miembro de los \u201cexpertos\u201d de Teolog\u00eda India, se coopera en regi\u00f3n en la preparaci\u00f3n y realizaci\u00f3n de Simposios sobre temas inter-teol\u00f3gicos, convocados por la Conferencia Episcopal latinoamericana (CELAM). El aporte hol\u00edstico ind\u00edgena a nivel ecol\u00f3gico-tel\u00farico-c\u00f3smico est\u00e1 enriqueciendo a la Teolog\u00eda occidental y ayuda \u2013al incorporar est\u00e1 nueva visi\u00f3n teol\u00f3gica en la cl\u00e1sica- constituirse m\u00e1s latinoamericana.<\/p>\n","protected":false},"excerpt":{"rendered":"<p>\u00bfCu\u00e1les son nuestros principales compromisos? La dif\u00edcil situaci\u00f3n de la coyuntura nacional alcanza tambi\u00e9n a los Pueblos Ind\u00edgenas, la cual afecta, debilita y hasta se constituye en una verdadera amenaza a los saberes, valores, derechos y vida de los mismos, es este marco, que la CONAPI hace presencia, dialoga y camina con los Pueblos Ind\u00edgenas,<\/p>\n","protected":false},"author":1,"featured_media":0,"parent":0,"menu_order":0,"comment_status":"closed","ping_status":"closed","template":"","meta":{"footnotes":""},"class_list":["post-6660","page","type-page","status-publish","hentry"],"_links":{"self":[{"href":"https:\/\/conapi.org.py\/v23\/wp-json\/wp\/v2\/pages\/6660","targetHints":{"allow":["GET"]}}],"collection":[{"href":"https:\/\/conapi.org.py\/v23\/wp-json\/wp\/v2\/pages"}],"about":[{"href":"https:\/\/conapi.org.py\/v23\/wp-json\/wp\/v2\/types\/page"}],"author":[{"embeddable":true,"href":"https:\/\/conapi.org.py\/v23\/wp-json\/wp\/v2\/users\/1"}],"replies":[{"embeddable":true,"href":"https:\/\/conapi.org.py\/v23\/wp-json\/wp\/v2\/comments?post=6660"}],"version-history":[{"count":2,"href":"https:\/\/conapi.org.py\/v23\/wp-json\/wp\/v2\/pages\/6660\/revisions"}],"predecessor-version":[{"id":6662,"href":"https:\/\/conapi.org.py\/v23\/wp-json\/wp\/v2\/pages\/6660\/revisions\/6662"}],"wp:attachment":[{"href":"https:\/\/conapi.org.py\/v23\/wp-json\/wp\/v2\/media?parent=6660"}],"curies":[{"name":"wp","href":"https:\/\/api.w.org\/{rel}","templated":true}]}}